{"id":821,"date":"2019-04-17T09:27:01","date_gmt":"2019-04-17T07:27:01","guid":{"rendered":"http:\/\/auzalarip.educacion.navarra.es\/web\/?page_id=821"},"modified":"2024-08-23T13:19:57","modified_gmt":"2024-08-23T11:19:57","slug":"impresos-18-19","status":"publish","type":"page","link":"https:\/\/auzalarip.educacion.navarra.es\/web\/es\/impresos-18-19\/","title":{"rendered":"APYMA"},"content":{"rendered":"\n<figure class=\"wp-block-table\"><table><tbody><tr><td><strong>ORGANIGRAMA<\/strong><\/td><\/tr><tr><td>Presidente: Miguel Mu\u00f1oz Ciaurriz\u00a0<br>Vicepresidenta: Esther Vicente Cemborain<br>Tesorera: Aitziber Diaz de Zerio Mar\u00edn<\/td><\/tr><tr><td>Secretaria: Virginia Teres Solano<\/td><\/tr><tr><td>Vocales: Juan Antonio Oyarzun Mart\u00ednez, Irantzu Huici Santesteban, Ana Del Hoyo Arraiza y David Neri Eugi.<\/td><\/tr><\/tbody><\/table><\/figure>\n\n\n\n<p>Correo electr\u00f3nico APYMA: baietzge@gmail.com<\/p>\n\n\n\n<p>P\u00e1gina Web: <a href=\"http:\/\/www.baietz.eus\/\">http:\/\/www.baietz.eus\/<\/a><\/p>\n","protected":false},"excerpt":{"rendered":"<p>ORGANIGRAMA Presidente: Miguel Mu\u00f1oz Ciaurriz\u00a0Vicepresidenta: Esther Vicente CemborainTesorera: Aitziber Diaz de Zerio Mar\u00edn Secretaria: Virginia Teres Solano Vocales: Juan Antonio Oyarzun Mart\u00ednez, Irantzu Huici Santesteban, Ana Del Hoyo Arraiza y David Neri Eugi. Correo electr\u00f3nico APYMA: baietzge@gmail.com P\u00e1gina Web: http:\/\/www.baietz.eus\/<\/p>\n","protected":false},"author":1,"featured_media":0,"parent":0,"menu_order":0,"comment_status":"closed","ping_status":"closed","template":"","meta":{"_genesis_hide_title":false,"_genesis_hide_breadcrumbs":false,"_genesis_hide_singular_image":false,"_genesis_hide_footer_widgets":false,"_genesis_custom_body_class":"","_genesis_custom_post_class":"","_genesis_layout":"","footnotes":""},"class_list":{"0":"post-821","1":"page","2":"type-page","3":"status-publish","5":"entry"},"_links":{"self":[{"href":"https:\/\/auzalarip.educacion.navarra.es\/web\/es\/wp-json\/wp\/v2\/pages\/821","targetHints":{"allow":["GET"]}}],"collection":[{"href":"https:\/\/auzalarip.educacion.navarra.es\/web\/es\/wp-json\/wp\/v2\/pages"}],"about":[{"href":"https:\/\/auzalarip.educacion.navarra.es\/web\/es\/wp-json\/wp\/v2\/types\/page"}],"author":[{"embeddable":true,"href":"https:\/\/auzalarip.educacion.navarra.es\/web\/es\/wp-json\/wp\/v2\/users\/1"}],"replies":[{"embeddable":true,"href":"https:\/\/auzalarip.educacion.navarra.es\/web\/es\/wp-json\/wp\/v2\/comments?post=821"}],"version-history":[{"count":17,"href":"https:\/\/auzalarip.educacion.navarra.es\/web\/es\/wp-json\/wp\/v2\/pages\/821\/revisions"}],"predecessor-version":[{"id":5135,"href":"https:\/\/auzalarip.educacion.navarra.es\/web\/es\/wp-json\/wp\/v2\/pages\/821\/revisions\/5135"}],"wp:attachment":[{"href":"https:\/\/auzalarip.educacion.navarra.es\/web\/es\/wp-json\/wp\/v2\/media?parent=821"}],"curies":[{"name":"wp","href":"https:\/\/api.w.org\/{rel}","templated":true}]}}