{"id":401,"date":"2018-02-08T13:57:24","date_gmt":"2018-02-08T12:57:24","guid":{"rendered":"http:\/\/auzalarip.educacion.navarra.es\/web\/?page_id=401"},"modified":"2025-09-15T12:23:11","modified_gmt":"2025-09-15T10:23:11","slug":"horario","status":"publish","type":"page","link":"https:\/\/auzalarip.educacion.navarra.es\/web\/es\/horario\/","title":{"rendered":"HORARIO 25-26"},"content":{"rendered":"\n<p class=\"has-text-align-left\"><strong>HORARIO DE ENTRADAS, SALIDAS Y RECREOS<\/strong><\/p>\n\n\n\n<p class=\"has-text-align-left\">El curso 2025\/2026, tendremos <strong>jornada partida (horario lectivo de ma\u00f1ana y tarde)<\/strong>.<\/p>\n\n\n\n<p><\/p>\n\n\n\n<p><strong>Horario de Septiembre, Viernes y Junio<\/strong>:<\/p>\n\n\n\n<ul class=\"wp-block-list\"><li>La jornada ser\u00e1 de ma\u00f1ana de 9:00 a 13:00 horas.<\/li><\/ul>\n\n\n\n<p><strong>Horario de Octubre a mayo, de lunes a jueves:<\/strong><\/p>\n\n\n\n<ul class=\"wp-block-list\"><li>Jornada de ma\u00f1ana, el horario lectivo ser\u00e1 de 9:00 a 12:50 horas.<\/li><li>Jornada de tarde, el horario lectivo ser\u00e1 de 14:50 a 16:30h.<\/li><\/ul>\n\n\n\n<p><strong>El RECREO, durante todo el curso,<\/strong> ser\u00e1 de 10:40 a 11:10h.<br><\/p>\n\n\n\n<figure class=\"wp-block-table\"><table><tbody><tr><td><strong>ENTRADAS<\/strong><\/td><td><strong>SALIDAS<\/strong><\/td><\/tr><tr><td><strong>TODO EL CURSO<\/strong> <strong>a las 9:00h.<\/strong><\/td><td><strong>SEPTIEMBRE-JUNIO-VIERNES<\/strong><\/td><\/tr><tr><td><strong>ALUMNADO TRANSPORTADO<\/strong><br><strong>E.I.\/E.P.1-2<\/strong>: por la entrada principal.<br><strong>E.P. 3-4-5-6: <\/strong>por la puerta del patio cercana a la huerta.<br><br><strong>ALUMNADO NO TRANSPORTADO<\/strong><br><strong>E.I.: <\/strong>por la puerta de su aula.<br><strong>E.P.1-2:<\/strong> por la puerta de al lado del comedor.<br><strong>E.P.3-4-5-6<\/strong>: por la puerta del patio cerca de la huerta.<br><strong>A las aulas:<\/strong><br>E.P. 4: por la puerta de al lado del gimnasio.<br>E.P. 3-5-6: por la puerta cercana a la huerta.<br><\/td><td><strong>13:00<\/strong> <strong>SIN COMEDOR<\/strong><br><strong>14:00-14:15<\/strong> <strong>CON COMEDOR<\/strong> <strong>(1\u00aa opci\u00f3n)<\/strong><br><strong>14:45<\/strong> <strong>ALUMNADO TRANSPORTADO (2\u00aa opci\u00f3n)<\/strong><br><strong>14:50-15:25<\/strong> <strong>ALUMNADO DE ORKOIEN<\/strong> <strong>(2\u00aa opci\u00f3n)<\/strong><br><br><strong>ALUMNADO TRANSPORTADO<\/strong><br><strong>14:00\/14:45<\/strong><br><strong>E.I.\/E.P.1: <\/strong>por la entrada principal.<strong>\u00a0<\/strong><br><strong>E.P. 2-3-4-5-6<\/strong>: por la puerta cercana a la huerta.<br><br><strong>ALUMNADO NO TRANSPORTADO<\/strong><br><strong>13:00<\/strong><br><strong>E.I.: <\/strong>por la puerta de su aula.<br><strong>E.P.1-2:<\/strong> por la puerta junto al comedor.<br><strong>EP3-4-5-6<\/strong>: por la puerta junto a la huerta<br><br><strong>ALUMNADO QUE HACE USO DEL SERVICIO DE COMEDOR<\/strong><br><strong>E.I.-E.P1: 14:00- 14:15 (salida flexible): <\/strong>recogida en el patio de infantil.<br><strong>E.P. 2-3-4-5-6<\/strong>: <strong>14:00- 14:15(salida flexible): <\/strong>recogida en el patio de Primaria,<strong> <\/strong>por la puerta cercana a la huerta.<br><strong>14:50-15:25 E.I. y E.P.1<\/strong>-en el patio de infantil.<br><strong>14:50-15:25 EP2-3-4-5-6<\/strong>&#8211; en la puerta junto a la huerta de Primaria.<\/td><\/tr><tr><td><\/td><td><strong>OCTUBRE-MAYO, de lunes a jueves<\/strong><\/td><\/tr><tr><td><\/td><td><strong>12:50<\/strong> <strong>SIN COMEDOR<\/strong><br><strong>16:30<\/strong> <strong>FIN DE LAS CLASES<\/strong><br><strong>12:50:<\/strong><br><strong>E.I.: <\/strong>por la puerta de su aula.<br><strong>E.P.1-2:<\/strong> por la puerta junto al comedor.<br><strong>EP3-4-5-6<\/strong>: por la puerta junto a la huerta<br>** Este alumnado deben volver a la escuela a las 14:50h. Infantil y 1-2 E.P. por la puerta junto al comedor y EP3\/6 por la puerta principal.<br><br><strong>ALUMNADO TRANSPORTADO&nbsp;<\/strong><br><strong>16:30: <\/strong>salida autobuses (en caso de querer recoger a sus hijos e hijas en la escuela, deb\u00e9is recogerlos a las 16:25h junto a su autob\u00fas. Si no est\u00e1 la familia, subir\u00e1n al autob\u00fas).&nbsp;<br><br><strong>ALUMNADO NO TRANSPORTADO&nbsp;<\/strong><br><strong>16:30:&nbsp;<\/strong><br><strong>E.I.: <\/strong>por la puerta del aula donde realicen la extraescolar.<br><strong>E.P.1-2:<\/strong> por la puerta de al lado del comedor.<br><strong>E.P.3-4-5-6<\/strong>: por la puerta principal.<\/td><\/tr><\/tbody><\/table><\/figure>\n\n\n\n<ul class=\"wp-block-list\"><li><strong>HORARIO DIRECCI\u00d3N, ORIENTACI\u00d3N, ADMINISTRACI\u00d3N, CONSERJER\u00cdA:<\/strong><\/li><\/ul>\n\n\n\n<figure class=\"wp-block-table\"><table><tbody><tr><td><strong>HORARIO<\/strong><\/td><\/tr><tr><td><strong>DIRECCI\u00d3N&nbsp;<\/strong><\/td><td><strong>ADMINISTRACI\u00d3N<\/strong><\/td><td><strong>CONSERJER\u00cdA<\/strong><\/td><td><strong>ORIENTACI\u00d3N<\/strong><\/td><\/tr><tr><td>Mediante cita previa.<\/td><td>8:45-14:45 horas.<\/td><td>8:10-12:45h\/13:45-16:30h.<\/td><td>Mediante cita previa.<\/td><\/tr><\/tbody><\/table><\/figure>\n\n\n\n<p><\/p>\n","protected":false},"excerpt":{"rendered":"<p>HORARIO DE ENTRADAS, SALIDAS Y RECREOS El curso 2025\/2026, tendremos jornada partida (horario lectivo de ma\u00f1ana y tarde). Horario de Septiembre, Viernes y Junio: La jornada ser\u00e1 de ma\u00f1ana de 9:00 a 13:00 horas. Horario de Octubre a mayo, de lunes a jueves: Jornada de ma\u00f1ana, el horario lectivo ser\u00e1 de 9:00 a 12:50 horas. [&hellip;]<\/p>\n","protected":false},"author":1,"featured_media":0,"parent":0,"menu_order":0,"comment_status":"closed","ping_status":"closed","template":"","meta":{"_genesis_hide_title":false,"_genesis_hide_breadcrumbs":false,"_genesis_hide_singular_image":false,"_genesis_hide_footer_widgets":false,"_genesis_custom_body_class":"","_genesis_custom_post_class":"","_genesis_layout":"","footnotes":""},"class_list":{"0":"post-401","1":"page","2":"type-page","3":"status-publish","5":"entry"},"_links":{"self":[{"href":"https:\/\/auzalarip.educacion.navarra.es\/web\/es\/wp-json\/wp\/v2\/pages\/401","targetHints":{"allow":["GET"]}}],"collection":[{"href":"https:\/\/auzalarip.educacion.navarra.es\/web\/es\/wp-json\/wp\/v2\/pages"}],"about":[{"href":"https:\/\/auzalarip.educacion.navarra.es\/web\/es\/wp-json\/wp\/v2\/types\/page"}],"author":[{"embeddable":true,"href":"https:\/\/auzalarip.educacion.navarra.es\/web\/es\/wp-json\/wp\/v2\/users\/1"}],"replies":[{"embeddable":true,"href":"https:\/\/auzalarip.educacion.navarra.es\/web\/es\/wp-json\/wp\/v2\/comments?post=401"}],"version-history":[{"count":20,"href":"https:\/\/auzalarip.educacion.navarra.es\/web\/es\/wp-json\/wp\/v2\/pages\/401\/revisions"}],"predecessor-version":[{"id":7324,"href":"https:\/\/auzalarip.educacion.navarra.es\/web\/es\/wp-json\/wp\/v2\/pages\/401\/revisions\/7324"}],"wp:attachment":[{"href":"https:\/\/auzalarip.educacion.navarra.es\/web\/es\/wp-json\/wp\/v2\/media?parent=401"}],"curies":[{"name":"wp","href":"https:\/\/api.w.org\/{rel}","templated":true}]}}