{"id":399,"date":"2018-02-08T13:56:43","date_gmt":"2018-02-08T12:56:43","guid":{"rendered":"http:\/\/auzalarip.educacion.navarra.es\/web\/?page_id=399"},"modified":"2018-10-25T13:47:39","modified_gmt":"2018-10-25T11:47:39","slug":"identidad","status":"publish","type":"page","link":"https:\/\/auzalarip.educacion.navarra.es\/web\/es\/identidad\/","title":{"rendered":"IDENTIDAD"},"content":{"rendered":"<h2><strong><span style=\"color: #000000;\">MISI\u00d3N<\/span><\/strong><\/h2>\n<ul>\n<li><span style=\"font-weight: 400; color: #000000;\">Conseguir que el alumnado sea biling\u00fce.<\/span><\/li>\n<li><span style=\"font-weight: 400; color: #000000;\">Apoyar al alumnado en su proceso de aprendizaje y desarrollo personal.<\/span><\/li>\n<li><span style=\"font-weight: 400; color: #000000;\">Adquisici\u00f3n de competencias para vivir en el entorno y en sociedad.<\/span><\/li>\n<li><span style=\"font-weight: 400; color: #000000;\">Fomentar la cultura euskaldun.<\/span><\/li>\n<li><span style=\"font-weight: 400; color: #000000;\">Fortalecer el acercamiento entre los pueblos de la comarca.<\/span><\/li>\n<li><span style=\"font-weight: 400; color: #000000;\">Fomentar una relaci\u00f3n cercana entre la Comunidad Educativa.<\/span><\/li>\n<li><span style=\"font-weight: 400; color: #000000;\">Fomentar la equidad.<\/span><\/li>\n<li><span style=\"font-weight: 400; color: #000000;\">Escuela laica.<\/span><\/li>\n<\/ul>\n<h2><strong><span style=\"color: #000000;\">VISI\u00d3N<\/span><\/strong><\/h2>\n<ul>\n<li><span style=\"color: #000000;\"><span style=\"font-weight: 400;\">Queremos que nuestra escuela sea:<\/span><span style=\"font-weight: 400;\">\u00a0<\/span><\/span>\n<ul>\n<li><span style=\"font-weight: 400; color: #000000;\">Creativa<\/span><\/li>\n<li><span style=\"font-weight: 400; color: #000000;\">Solidaria<\/span><\/li>\n<li><span style=\"font-weight: 400; color: #000000;\">Multicultural<\/span><\/li>\n<li><span style=\"font-weight: 400; color: #000000;\">Sostenible<\/span><\/li>\n<li><span style=\"font-weight: 400; color: #000000;\">Pluriling\u00fce<\/span><\/li>\n<li><span style=\"font-weight: 400; color: #000000;\">Cr\u00edtica<\/span><\/li>\n<li><span style=\"font-weight: 400; color: #000000;\">Participativa<\/span><\/li>\n<li><span style=\"font-weight: 400; color: #000000;\">A favor de la igualdad y la diversidad<\/span><\/li>\n<li><span style=\"font-weight: 400; color: #000000;\">Motivadora<\/span><\/li>\n<li><span style=\"font-weight: 400; color: #000000;\">En permanente mejora metodol\u00f3gica<\/span><\/li>\n<li><span style=\"font-weight: 400; color: #000000;\">Que fomente la curiosidad e iniciativa, respetando el ritmo y desarrollo de\u00a0<\/span><span style=\"font-weight: 400; color: #000000;\">cada persona.<\/span><\/li>\n<li><span style=\"font-weight: 400; color: #000000;\">Respetuosa con la realidad cultural, econ\u00f3mica y ling\u00fc\u00edstica de cada\u00a0<\/span><span style=\"font-weight: 400; color: #000000;\">familia.<\/span><\/li>\n<\/ul>\n<\/li>\n<\/ul>\n<h2><strong>VALORES<\/strong><\/h2>\n<ul>\n<li><span style=\"color: #000000;\">A NIVEL PERSONAL<\/span>\n<ul>\n<li><span style=\"color: #000000;\"><span style=\"font-weight: 400;\">Promover la aceptaci\u00f3n de un@ mism@, el respeto, la autoestima y el\u00a0<\/span><span style=\"font-weight: 400;\">autoconocimiento (cuerpo, emociones, ritmos, creatividad, imaginaci\u00f3n).<\/span><\/span><\/li>\n<li><span style=\"font-weight: 400; color: #000000;\">Importancia del esfuerzo.<\/span><\/li>\n<li><span style=\"font-weight: 400; color: #000000;\">Autonom\u00eda y responsabilidad.<\/span><\/li>\n<\/ul>\n<\/li>\n<li><span style=\"color: #000000;\">PARA CON L@S DEM\u00c1S<\/span>\n<ul>\n<li><span style=\"font-weight: 400; color: #000000;\">Importancia de respetar al resto de personas y valorar el cooperativismo, sin\u00a0<\/span><span style=\"font-weight: 400; color: #000000;\">competitividad, el apoyo mutuo, la solidaridad, convivencia, coeducaci\u00f3n y la\u00a0<\/span><span style=\"font-weight: 400; color: #000000;\">resoluci\u00f3n de conflictos.<\/span><\/li>\n<li><span style=\"font-weight: 400; color: #000000;\">Empat\u00eda<\/span><\/li>\n<\/ul>\n<\/li>\n<li><span style=\"color: #000000;\">CON EL ENTORNO<\/span>\n<ul>\n<li><span style=\"font-weight: 400; color: #000000;\">Inter\u00e9s y respeto hacia otras culturas, el medio ambiente y el consumo\u00a0<\/span>responsable.<\/li>\n<\/ul>\n<\/li>\n<\/ul>\n<p>Teniendo en cuenta siempre, que para mejorar tenemos que tener una actitud autocr\u00edtica.<\/p>\n","protected":false},"excerpt":{"rendered":"<p>MISI\u00d3N Conseguir que el alumnado sea biling\u00fce. Apoyar al alumnado en su proceso de aprendizaje y desarrollo personal. Adquisici\u00f3n de competencias para vivir en el entorno y en sociedad. Fomentar la cultura euskaldun. Fortalecer el acercamiento entre los pueblos de la comarca. Fomentar una relaci\u00f3n cercana entre la Comunidad Educativa. Fomentar la equidad. Escuela laica. [&hellip;]<\/p>\n","protected":false},"author":1,"featured_media":0,"parent":0,"menu_order":0,"comment_status":"closed","ping_status":"closed","template":"","meta":{"_genesis_hide_title":false,"_genesis_hide_breadcrumbs":false,"_genesis_hide_singular_image":false,"_genesis_hide_footer_widgets":false,"_genesis_custom_body_class":"","_genesis_custom_post_class":"","_genesis_layout":"","footnotes":""},"class_list":{"0":"post-399","1":"page","2":"type-page","3":"status-publish","5":"entry"},"_links":{"self":[{"href":"https:\/\/auzalarip.educacion.navarra.es\/web\/es\/wp-json\/wp\/v2\/pages\/399","targetHints":{"allow":["GET"]}}],"collection":[{"href":"https:\/\/auzalarip.educacion.navarra.es\/web\/es\/wp-json\/wp\/v2\/pages"}],"about":[{"href":"https:\/\/auzalarip.educacion.navarra.es\/web\/es\/wp-json\/wp\/v2\/types\/page"}],"author":[{"embeddable":true,"href":"https:\/\/auzalarip.educacion.navarra.es\/web\/es\/wp-json\/wp\/v2\/users\/1"}],"replies":[{"embeddable":true,"href":"https:\/\/auzalarip.educacion.navarra.es\/web\/es\/wp-json\/wp\/v2\/comments?post=399"}],"version-history":[{"count":6,"href":"https:\/\/auzalarip.educacion.navarra.es\/web\/es\/wp-json\/wp\/v2\/pages\/399\/revisions"}],"predecessor-version":[{"id":605,"href":"https:\/\/auzalarip.educacion.navarra.es\/web\/es\/wp-json\/wp\/v2\/pages\/399\/revisions\/605"}],"wp:attachment":[{"href":"https:\/\/auzalarip.educacion.navarra.es\/web\/es\/wp-json\/wp\/v2\/media?parent=399"}],"curies":[{"name":"wp","href":"https:\/\/api.w.org\/{rel}","templated":true}]}}