{"id":395,"date":"2018-02-08T13:55:55","date_gmt":"2018-02-08T12:55:55","guid":{"rendered":"http:\/\/auzalarip.educacion.navarra.es\/web\/?page_id=395"},"modified":"2025-09-15T12:35:31","modified_gmt":"2025-09-15T10:35:31","slug":"comedor","status":"publish","type":"page","link":"https:\/\/auzalarip.educacion.navarra.es\/web\/es\/comedor\/","title":{"rendered":"COMEDOR ESCOLAR"},"content":{"rendered":"<p>En el curso 2025\/2026, el comedor escolar estar\u00e1 en funcionamiento y ser\u00e1 subvencionado todos los d\u00edas lectivos, del 4 de septiembre al 18 de junio, ambos inclusive. Actualmente el 85% del alumnado hace uso del servicio de comedor, 200 alumnas y alumnos, divididos en dos comedores (infantil y primaria) en una \u00fanica tanda.<\/p>\n<p><span style=\"font-weight: 400; color: #000000;\">La empresa proveedora es <a href=\"https:\/\/www.elgustodecrecer.es\/\">ARAMARK<\/a>\u00a0y aqu\u00ed ten\u00e9is m\u00e1s informaci\u00f3n disponible:<\/span><\/p>\n<ul>\n<li><a href=\"https:\/\/drive.google.com\/file\/d\/1nNSWB3NGc9BnX00-l2TDwhBpISx8dm78\/view?usp=sharing\">Bolet\u00edn informativo<\/a><\/li>\n<li><a href=\"https:\/\/auzalarip.educacion.navarra.es\/web\/es\/4-auzalar-septiembre-2\/\">Men\u00fa<\/a><\/li>\n<li><a href=\"https:\/\/docs.google.com\/document\/d\/1-2c01jZftJwngUZB8n2j1LCSixG_G3HHDTSah-ujIXo\/edit?usp=share_link\">Normativa del comedor escolar<\/a><\/li>\n<\/ul>\n\n\n<p><\/p>\n","protected":false},"excerpt":{"rendered":"<p>En el curso 2025\/2026, el comedor escolar estar\u00e1 en funcionamiento y ser\u00e1 subvencionado todos los d\u00edas lectivos, del 4 de septiembre al 18 de junio, ambos inclusive. Actualmente el 85% del alumnado hace uso del servicio de comedor, 200 alumnas y alumnos, divididos en dos comedores (infantil y primaria) en una \u00fanica tanda. La empresa [&hellip;]<\/p>\n","protected":false},"author":1,"featured_media":0,"parent":0,"menu_order":0,"comment_status":"closed","ping_status":"closed","template":"","meta":{"_genesis_hide_title":false,"_genesis_hide_breadcrumbs":false,"_genesis_hide_singular_image":false,"_genesis_hide_footer_widgets":false,"_genesis_custom_body_class":"","_genesis_custom_post_class":"","_genesis_layout":"","footnotes":""},"class_list":{"0":"post-395","1":"page","2":"type-page","3":"status-publish","5":"entry"},"_links":{"self":[{"href":"https:\/\/auzalarip.educacion.navarra.es\/web\/es\/wp-json\/wp\/v2\/pages\/395","targetHints":{"allow":["GET"]}}],"collection":[{"href":"https:\/\/auzalarip.educacion.navarra.es\/web\/es\/wp-json\/wp\/v2\/pages"}],"about":[{"href":"https:\/\/auzalarip.educacion.navarra.es\/web\/es\/wp-json\/wp\/v2\/types\/page"}],"author":[{"embeddable":true,"href":"https:\/\/auzalarip.educacion.navarra.es\/web\/es\/wp-json\/wp\/v2\/users\/1"}],"replies":[{"embeddable":true,"href":"https:\/\/auzalarip.educacion.navarra.es\/web\/es\/wp-json\/wp\/v2\/comments?post=395"}],"version-history":[{"count":34,"href":"https:\/\/auzalarip.educacion.navarra.es\/web\/es\/wp-json\/wp\/v2\/pages\/395\/revisions"}],"predecessor-version":[{"id":7335,"href":"https:\/\/auzalarip.educacion.navarra.es\/web\/es\/wp-json\/wp\/v2\/pages\/395\/revisions\/7335"}],"wp:attachment":[{"href":"https:\/\/auzalarip.educacion.navarra.es\/web\/es\/wp-json\/wp\/v2\/media?parent=395"}],"curies":[{"name":"wp","href":"https:\/\/api.w.org\/{rel}","templated":true}]}}