{"id":391,"date":"2018-02-08T13:54:14","date_gmt":"2018-02-08T12:54:14","guid":{"rendered":"http:\/\/auzalarip.educacion.navarra.es\/web\/?page_id=391"},"modified":"2025-09-23T09:35:45","modified_gmt":"2025-09-23T07:35:45","slug":"profesorado","status":"publish","type":"page","link":"https:\/\/auzalarip.educacion.navarra.es\/web\/es\/profesorado\/","title":{"rendered":"PROFESORADO Y PERSONAL NO DOCENTE"},"content":{"rendered":"<h5><em><b>PERSONAL DOCENTE<\/b><\/em><\/h5>\n<h5><em><strong>EQUIPO DIRECTIVO<\/strong><\/em><\/h5>\n<p><strong>Directora &#8211;<\/strong>\u00a0 \u00a0 \u00a0 \u00a0 \u00a0 \u00a0 \u00a0 \u00a0Maider Alb\u00e9niz Elso (Infantil)<\/p>\n<p><span style=\"font-weight: 400;\"><strong>Jefa de Estudios &#8211;<\/strong>\u00a0 \u00a0 Andrea Aldaz Donamar\u00eda (Ingl\u00e9s)<\/span><\/p>\n<p><span style=\"font-weight: 400;\"><strong>Secretaria &#8211;<\/strong>\u00a0 \u00a0 \u00a0 \u00a0 \u00a0 \u00a0 \u00a0 Marta Urd\u00e1noz Melado (Educaci\u00f3n F\u00edsica)<\/span><\/p>\n<h5><em><strong>TUTORAS Y TUTORES<\/strong><\/em><\/h5>\n<p><strong>1\u00ba A E.I. &#8211;<\/strong>\u00a0 \u00a0 \u00a0 \u00a0 \u00a0 \u00a0Bea Dorai Sala<\/p>\n<p><strong>2\u00ba A E.I. &#8211;<\/strong>\u00a0 \u00a0 \u00a0 \u00a0 \u00a0 Nerea Tihista Leoz<\/p>\n<p><strong>3\u00ba A E.I. &#8211;<\/strong>\u00a0 \u00a0 \u00a0 \u00a0 \u00a0 Amaia Viteri Zubia<\/p>\n<p><strong>1\u00ba A E.P. &#8211;<\/strong>\u00a0 \u00a0 \u00a0 \u00a0 \u00a0 Itziar Irigoyen Casado\u00a0 \u00a0\u00a0<\/p>\n<p><strong>2\u00ba A E.P. &#8211;<\/strong>\u00a0 \u00a0 \u00a0 \u00a0 \u00a0Ainara Elizondo Torres\u00a0<\/p>\n<p><strong>2\u00ba B E.P. &#8211;<\/strong>\u00a0 \u00a0 \u00a0 \u00a0 \u00a0Idoia Gartzaron Zudaire<\/p>\n<p><strong>3\u00ba A E.P. &#8211;<\/strong>\u00a0 \u00a0 \u00a0 \u00a0 \u00a0Araceli Larra\u00f1eta Almirantearena<\/p>\n<p><strong>3\u00ba B EP &#8211;<\/strong>\u00a0 \u00a0 \u00a0 \u00a0 \u00a0 Amaia Arestin Bengoechea<\/p>\n<p><strong>4\u00ba A E.P. &#8211;<\/strong>\u00a0 \u00a0 \u00a0 \u00a0 Amaia Espinosa Mart\u00ednez\u00a0\u00a0<\/p>\n<p><strong>4\u00ba B E.P. &#8211;<\/strong>\u00a0 \u00a0 \u00a0 \u00a0 Aritz Gil Abete<\/p>\n<p><strong>5\u00ba A E.P. &#8211;<\/strong>\u00a0 \u00a0 \u00a0 \u00a0 Oihane Irazusta Arzac<\/p>\n<p><strong>5\u00ba B E.P. &#8211;<\/strong>\u00a0 \u00a0 \u00a0 \u00a0 Ana Fern\u00e1ndez Solchaga<\/p>\n<p><strong>6\u00ba A E.P. &#8211;<\/strong>\u00a0 \u00a0 \u00a0 \u00a0 <span style=\"font-weight: 400;\">Esther Olite Mun\u00e1rriz<\/span>\u00a0<\/p>\n<p><strong>6\u00ba B E.P. &#8211;<\/strong>\u00a0 \u00a0 \u00a0 \u00a0 Maite Sa\u00e9nz Salinas<\/p>\n<h5><em><strong>ESPECIALISTAS:\u00a0<\/strong><\/em><\/h5>\n<p><strong>M\u00fasica &#8211;\u00a0 \u00a0 \u00a0 \u00a0 \u00a0 \u00a0 <\/strong>Axier Fernandez Alvaro<\/p>\n<p><strong>Educaci\u00f3n F\u00edsica 1\u00ba EP + 6\u00ba EP. &#8211;<\/strong>\u00a0 \u00a0 \u00a0 \u00a0 \u00a0 <span style=\"font-weight: 400;\">Marta Urd\u00e1noz Melado<\/span><\/p>\n<p><strong>Educaci\u00f3n F\u00edsica 3\u00ba EP + 4\u00ba EP + 5\u00ba EP &#8211;\u00a0 \u00a0 \u00a0 \u00a0 \u00a0 <span style=\"font-weight: 400;\">Victor Mendaza Clemente<\/span><\/strong><\/p>\n<p><strong>Educaci\u00f3n F\u00edsica 2\u00ba EP + Apoyo Infantil y Primaria &#8211;\u00a0 \u00a0 \u00a0 \u00a0<\/strong>Xabi Prieto Sarasti<\/p>\n<p><strong>Ingl\u00e9s 1\u00ba EP + 2\u00ba EP + 3\u00ba A EP &#8211;<\/strong>\u00a0 \u00a0 \u00a0 \u00a0 \u00a0 Haizea Huarte Echeverr\u00eda<\/p>\n<p><strong>Ingl\u00e9s\u00a0 3\u00ba B EP + 4\u00ba EP + 6\u00ba A EP &#8211;<\/strong>\u00a0 \u00a0 \u00a0<span style=\"font-weight: 400;\">Katrin Anc\u00edn Izpura<\/span>\u00a0<\/p>\n<p><strong>Ingl\u00e9s\u00a0 2\u00ba E.I. + 3\u00ba E.I. &#8211;<\/strong>\u00a0 \u00a0 \u00a0 \u00a0 \u00a0 \u00a0 \u00a0 \u00a0 \u00a0 \u00a0 \u00a0 \u00a0 Andrea Aldaz Donamar\u00eda<\/p>\n<p><strong>Ingl\u00e9s 5\u00ba EP + 6\u00ba EP &#8211;<\/strong>\u00a0 \u00a0 \u00a0 \u00a0 \u00a0 \u00a0 \u00a0 \u00a0 \u00a0 \u00a0 \u00a0 \u00a0 \u00a0 Asier Hidalgo Alonso<\/p>\n<p><strong>Religi\u00f3n cat\u00f3lica &#8211;<\/strong>\u00a0 \u00a0 \u00a0 \u00a0 \u00a0 I\u00f1aki Mindeguia P\u00e9rez de Obanos<\/p>\n<p><strong>Lengua Castellana + Apoyo Primaria\u00a0 \u00a0 \u00a0 \u00a0 \u00a0 \u00a0 <\/strong>Joxean Calvillo Arteaga<\/p>\n<h5><em><strong>ORIENTACI\u00d3N:<\/strong><\/em><\/h5>\n<p><strong>Orientador &#8211;<\/strong>\u00a0 \u00a0 \u00a0 \u00a0Be\u00f1at Azkona Go\u00f1i<\/p>\n<p><strong>Logopeda &#8211;<\/strong>\u00a0 \u00a0 \u00a0 \u00a0 \u00a0Garbi\u00f1e Artola Madrigal<\/p>\n<p><strong>PT &#8211;<\/strong>\u00a0 \u00a0 \u00a0 \u00a0 \u00a0 \u00a0 \u00a0 \u00a0 \u00a0 \u00a0 \u00a0<span style=\"font-weight: 400;\">Cristina Gonz\u00e1lez Navarro<\/span><span style=\"font-weight: 400;\"><br \/><\/span><\/p>\n<h5><em><strong>COMEDOR ESCOLAR:<\/strong><\/em><\/h5>\n<p><strong>Responsable del Comedor escolar-<\/strong>\u00a0 \u00a0 Cristina Gonz\u00e1lez Navarro<span style=\"font-weight: 400;\"><br \/><\/span><\/p>\n<p><strong>Administradora del comedor escolar &#8211;<\/strong>\u00a0 \u00a0Ainhoa Irigibel Irotz<\/p>\n<p><strong>Responsable empresa ARAMARK-<\/strong>\u00a0 \u00a0 \u00a0 \u00a0 Patricia Ibiricu Gorraiz<\/p>\n<h5><em><b>PERSONAL NO DOCENTE<\/b><\/em><\/h5>\n<p><strong>Conserje &#8211;<\/strong>\u00a0 \u00a0 \u00a0 \u00a0 \u00a0 \u00a0 \u00a0<span style=\"font-weight: 400;\">Jos\u00e9 Ropero S\u00e1nchez<\/span><\/p>\n<p><strong>Administrativa &#8211;<\/strong>\u00a0 \u00a0<span style=\"font-weight: 400;\">Ainhoa Irigibel Irotz<br \/><\/span><\/p>\n<p><strong>Especialistas de Apoyo Educativo<\/strong> &#8211; Carol P\u00e9rez Delgado\/Celia Uriz Lusarreta\/ Itziar Uriz Fresneda<\/p>\n<p><strong>Fisioterapeuta<\/strong> &#8211; Eva Soto Barruso<\/p>\n<h5><em><strong>OTRAS RESPONSABLES:<\/strong><\/em><\/h5>\n<p><span style=\"font-weight: 400;\"><strong>Responsable APYMA guarder\u00eda matinal &#8211;<\/strong>\u00a0 \u00a0 \u00a0 Ainhoa Otaegui Cantero<\/span><\/p>\n<p>\u00a0<\/p>\n\n\n<p><\/p>\n","protected":false},"excerpt":{"rendered":"<p>PERSONAL DOCENTE EQUIPO DIRECTIVO Directora &#8211;\u00a0 \u00a0 \u00a0 \u00a0 \u00a0 \u00a0 \u00a0 \u00a0Maider Alb\u00e9niz Elso (Infantil) Jefa de Estudios &#8211;\u00a0 \u00a0 Andrea Aldaz Donamar\u00eda (Ingl\u00e9s) Secretaria &#8211;\u00a0 \u00a0 \u00a0 \u00a0 \u00a0 \u00a0 \u00a0 Marta Urd\u00e1noz Melado (Educaci\u00f3n F\u00edsica) TUTORAS Y TUTORES 1\u00ba A E.I. &#8211;\u00a0 \u00a0 \u00a0 \u00a0 \u00a0 \u00a0Bea Dorai Sala 2\u00ba A E.I. [&hellip;]<\/p>\n","protected":false},"author":1,"featured_media":0,"parent":0,"menu_order":0,"comment_status":"closed","ping_status":"closed","template":"","meta":{"_genesis_hide_title":false,"_genesis_hide_breadcrumbs":false,"_genesis_hide_singular_image":false,"_genesis_hide_footer_widgets":false,"_genesis_custom_body_class":"","_genesis_custom_post_class":"","_genesis_layout":"","footnotes":""},"class_list":{"0":"post-391","1":"page","2":"type-page","3":"status-publish","5":"entry"},"_links":{"self":[{"href":"https:\/\/auzalarip.educacion.navarra.es\/web\/es\/wp-json\/wp\/v2\/pages\/391","targetHints":{"allow":["GET"]}}],"collection":[{"href":"https:\/\/auzalarip.educacion.navarra.es\/web\/es\/wp-json\/wp\/v2\/pages"}],"about":[{"href":"https:\/\/auzalarip.educacion.navarra.es\/web\/es\/wp-json\/wp\/v2\/types\/page"}],"author":[{"embeddable":true,"href":"https:\/\/auzalarip.educacion.navarra.es\/web\/es\/wp-json\/wp\/v2\/users\/1"}],"replies":[{"embeddable":true,"href":"https:\/\/auzalarip.educacion.navarra.es\/web\/es\/wp-json\/wp\/v2\/comments?post=391"}],"version-history":[{"count":37,"href":"https:\/\/auzalarip.educacion.navarra.es\/web\/es\/wp-json\/wp\/v2\/pages\/391\/revisions"}],"predecessor-version":[{"id":7373,"href":"https:\/\/auzalarip.educacion.navarra.es\/web\/es\/wp-json\/wp\/v2\/pages\/391\/revisions\/7373"}],"wp:attachment":[{"href":"https:\/\/auzalarip.educacion.navarra.es\/web\/es\/wp-json\/wp\/v2\/media?parent=391"}],"curies":[{"name":"wp","href":"https:\/\/api.w.org\/{rel}","templated":true}]}}