{"id":378,"date":"2018-02-08T13:51:10","date_gmt":"2018-02-08T12:51:10","guid":{"rendered":"http:\/\/auzalarip.educacion.navarra.es\/web\/?page_id=378"},"modified":"2018-11-08T13:54:59","modified_gmt":"2018-11-08T12:54:59","slug":"nuestra-historia","status":"publish","type":"page","link":"https:\/\/auzalarip.educacion.navarra.es\/web\/es\/nuestra-historia\/","title":{"rendered":"NUESTRA HISTORIA"},"content":{"rendered":"<p><span style=\"color: #000000;\"><span style=\"font-weight: 400;\">En el curso 2007\/2008, para dar respuesta a la demanda de las familias, se cre\u00f3 una\u00a0<\/span><span style=\"font-weight: 400;\">l\u00ednea del modelo D en la escuela p\u00fablica San Miguel de Orkoien. Ese curso 23\u00a0<\/span><span style=\"font-weight: 400;\">alumnas y alumnos se matricularon en 1\u00ba de infantil. Hasta entonces, a\u00a0<\/span><span style=\"font-weight: 400;\">pesar de que la escuela p\u00fablica San Miguel era comarcal, s\u00f3lo ofertaba los modelos A\u00a0<\/span><span style=\"font-weight: 400;\">y G. Por ese motivo, el alumnado de Orkoien y la comarca, ten\u00eda que desplazarse a\u00a0<\/span><span style=\"font-weight: 400;\">Sanduzelai IP en Iru\u00f1ea.<\/span><\/span><\/p>\n<p><span style=\"font-weight: 400; color: #000000;\">Desde el inicio se plante\u00f3 tanto a las familias como al claustro, como una soluci\u00f3n\u00a0<\/span><span style=\"font-weight: 400;\"><span style=\"color: #000000;\">provisional la implantaci\u00f3n del modelo D en el CP San Miguel. Por un lado, en San\u00a0<\/span><\/span><span style=\"color: #000000;\"><span style=\"font-weight: 400;\">Miguel no ten\u00edan aulas suficientes para atender la demanda del modelo D y por otro\u00a0<\/span><span style=\"font-weight: 400;\">lado, el aumento de poblaci\u00f3n de Orkoien y los pueblos de alrededor, supuso un\u00a0<\/span><span style=\"font-weight: 400;\">aumento de la matr\u00edcula en todos los modelos. El CP San Miguel pas\u00f3 de tener en el\u00a0<\/span><span style=\"font-weight: 400;\">curso 2006\/2007 una o dos l\u00edneas, a tener 4 l\u00edneas en 1\u00ba de infantil al cabo de 4 a\u00f1os,\u00a0<\/span><span style=\"font-weight: 400;\">repiti\u00e9ndose esta tendencia a\u00f1o tras a\u00f1o.\u00a0<\/span><\/span><span style=\"color: #000000;\"><span style=\"font-weight: 400;\">Estos dos factores generaron una falta de espacio grave en el centro, visto lo cual se aprob\u00f3 el proyecto para la construcci\u00f3n de una nueva escuela. Como a principios del curso 2011\/2012 las obras no estaban terminadas, las clases de modelo D tuvieron que impartirse durante un mes en el Polideportivo de Orkoien. En ocubre se hizo el traslado pero<\/span><\/span><span style=\"color: #000000;\"><span style=\"font-weight: 400;\">\u00a0a nivel administrativo eramos un \u00fanico centro (un claustro, un equipo\u00a0<\/span><span style=\"font-weight: 400;\">directivo, una contabilidad\u2026), la distancia f\u00edsica entre los dos centros cre\u00f3\u00a0<\/span><span style=\"font-weight: 400;\">impedimentos en algunos aspectos (coordinaci\u00f3n, organizaci\u00f3n de guardias, etc.) y\u00a0<\/span><span style=\"font-weight: 400;\">dificultades en otros (reuniones, itinerancias del profesorado entre los dos centros\u2026).<\/span><\/span><\/p>\n<p><span style=\"color: #000000;\"><span style=\"font-weight: 400;\">El 27 de julio de 2012 se cre\u00f3 Auzalar IP como centro independiente,\u00a0<\/span><span style=\"font-weight: 400;\">con su propio claustro y equipo directivo. Al principio era una escuela peque\u00f1a, y tras tres fases de obras ha llegado a ser tal y como hoy la conocemos.<\/span><\/span><\/p>\n","protected":false},"excerpt":{"rendered":"<p>En el curso 2007\/2008, para dar respuesta a la demanda de las familias, se cre\u00f3 una\u00a0l\u00ednea del modelo D en la escuela p\u00fablica San Miguel de Orkoien. Ese curso 23\u00a0alumnas y alumnos se matricularon en 1\u00ba de infantil. Hasta entonces, a\u00a0pesar de que la escuela p\u00fablica San Miguel era comarcal, s\u00f3lo ofertaba los modelos A\u00a0y [&hellip;]<\/p>\n","protected":false},"author":1,"featured_media":0,"parent":0,"menu_order":0,"comment_status":"closed","ping_status":"closed","template":"","meta":{"_genesis_hide_title":false,"_genesis_hide_breadcrumbs":false,"_genesis_hide_singular_image":false,"_genesis_hide_footer_widgets":false,"_genesis_custom_body_class":"","_genesis_custom_post_class":"","_genesis_layout":"","footnotes":""},"class_list":{"0":"post-378","1":"page","2":"type-page","3":"status-publish","5":"entry"},"_links":{"self":[{"href":"https:\/\/auzalarip.educacion.navarra.es\/web\/es\/wp-json\/wp\/v2\/pages\/378","targetHints":{"allow":["GET"]}}],"collection":[{"href":"https:\/\/auzalarip.educacion.navarra.es\/web\/es\/wp-json\/wp\/v2\/pages"}],"about":[{"href":"https:\/\/auzalarip.educacion.navarra.es\/web\/es\/wp-json\/wp\/v2\/types\/page"}],"author":[{"embeddable":true,"href":"https:\/\/auzalarip.educacion.navarra.es\/web\/es\/wp-json\/wp\/v2\/users\/1"}],"replies":[{"embeddable":true,"href":"https:\/\/auzalarip.educacion.navarra.es\/web\/es\/wp-json\/wp\/v2\/comments?post=378"}],"version-history":[{"count":4,"href":"https:\/\/auzalarip.educacion.navarra.es\/web\/es\/wp-json\/wp\/v2\/pages\/378\/revisions"}],"predecessor-version":[{"id":614,"href":"https:\/\/auzalarip.educacion.navarra.es\/web\/es\/wp-json\/wp\/v2\/pages\/378\/revisions\/614"}],"wp:attachment":[{"href":"https:\/\/auzalarip.educacion.navarra.es\/web\/es\/wp-json\/wp\/v2\/media?parent=378"}],"curies":[{"name":"wp","href":"https:\/\/api.w.org\/{rel}","templated":true}]}}