{"id":368,"date":"2018-02-08T13:48:00","date_gmt":"2018-02-08T12:48:00","guid":{"rendered":"http:\/\/auzalarip.educacion.navarra.es\/web\/?page_id=368"},"modified":"2025-08-21T13:09:29","modified_gmt":"2025-08-21T11:09:29","slug":"consejo-escolar","status":"publish","type":"page","link":"https:\/\/auzalarip.educacion.navarra.es\/web\/es\/consejo-escolar\/","title":{"rendered":"CONSEJO ESCOLAR"},"content":{"rendered":"<p style=\"text-align: center;\"><strong><span style=\"color: #000000;\">COMPOSICI\u00d3N DEL CONSEJO ESCOLAR<\/span><\/strong><\/p>\n<p><strong><span style=\"color: #000000;\">Representantes electos de las familias:<\/span><\/strong><\/p>\n<ul>\n<li style=\"font-weight: 400;\"><span style=\"color: #000000;\">Sonia Ayerra Jim\u00e9nez<\/span><\/li>\n<li>Vacante<\/li>\n<li>Vacante<\/li>\n<li>Vacante<\/li>\n<\/ul>\n<p><strong><span style=\"color: #000000;\">Representantes del profesorado:<\/span><\/strong><\/p>\n<ul>\n<li><span style=\"color: #000000;\">Ana Fern\u00e1ndez Solchaga\u00a0<\/span><\/li>\n<li><span style=\"color: #000000;\">Idoia Gartzaron Zudaire<\/span><\/li>\n<li><span style=\"color: #000000;\">Axier Fernandez Alvaro<\/span><\/li>\n<li>Amaia Espinosa Martinez<\/li>\n<li>Aritz Gil Abete<\/li>\n<\/ul>\n<p><strong><span style=\"color: #000000;\">Representante del personal de Administraci\u00f3n y Servicios<\/span><\/strong><\/p>\n<ul>\n<li style=\"font-weight: 400;\"><span style=\"color: #000000;\">Ainhoa Irigibel Irotz<\/span><\/li>\n<\/ul>\n<p><strong><span style=\"color: #000000;\">Representante de la APYMA Baietz<\/span><\/strong><\/p>\n<ul>\n<li>Yon Z\u00fa\u00f1iga Mendaza<\/li>\n<\/ul>\n<p><strong><span style=\"color: #000000;\">Concejal del Ayuntamiento de Orkoien:<\/span><\/strong><\/p>\n<ul>\n<li style=\"font-weight: 400;\">Olga Vera Catena<\/li>\n<\/ul>\n<p><strong><span style=\"color: #000000;\">Equipo directivo<\/span><\/strong><\/p>\n<ul>\n<li style=\"font-weight: 400;\"><span style=\"color: #000000;\">Maider Albeniz Elso &#8211;\u00a0 Presidenta<\/span><\/li>\n<li style=\"font-weight: 400;\"><span style=\"color: #000000;\">Andrea Aldaz Donamaria &#8211;\u00a0 Jefa de Estudios<\/span><\/li>\n<li><span style=\"color: #000000;\">Marta Urd\u00e1noz Melado<\/span><span style=\"color: #000000;\">\u00a0 \u00a0&#8211; Secretaria<\/span><\/li>\n<\/ul>\n","protected":false},"excerpt":{"rendered":"<p>COMPOSICI\u00d3N DEL CONSEJO ESCOLAR Representantes electos de las familias: Sonia Ayerra Jim\u00e9nez Vacante Vacante Vacante Representantes del profesorado: Ana Fern\u00e1ndez Solchaga\u00a0 Idoia Gartzaron Zudaire Axier Fernandez Alvaro Amaia Espinosa Martinez Aritz Gil Abete Representante del personal de Administraci\u00f3n y Servicios Ainhoa Irigibel Irotz Representante de la APYMA Baietz Yon Z\u00fa\u00f1iga Mendaza Concejal del Ayuntamiento de [&hellip;]<\/p>\n","protected":false},"author":1,"featured_media":0,"parent":0,"menu_order":0,"comment_status":"closed","ping_status":"closed","template":"","meta":{"_genesis_hide_title":false,"_genesis_hide_breadcrumbs":false,"_genesis_hide_singular_image":false,"_genesis_hide_footer_widgets":false,"_genesis_custom_body_class":"","_genesis_custom_post_class":"","_genesis_layout":"","footnotes":""},"class_list":{"0":"post-368","1":"page","2":"type-page","3":"status-publish","5":"entry"},"_links":{"self":[{"href":"https:\/\/auzalarip.educacion.navarra.es\/web\/es\/wp-json\/wp\/v2\/pages\/368","targetHints":{"allow":["GET"]}}],"collection":[{"href":"https:\/\/auzalarip.educacion.navarra.es\/web\/es\/wp-json\/wp\/v2\/pages"}],"about":[{"href":"https:\/\/auzalarip.educacion.navarra.es\/web\/es\/wp-json\/wp\/v2\/types\/page"}],"author":[{"embeddable":true,"href":"https:\/\/auzalarip.educacion.navarra.es\/web\/es\/wp-json\/wp\/v2\/users\/1"}],"replies":[{"embeddable":true,"href":"https:\/\/auzalarip.educacion.navarra.es\/web\/es\/wp-json\/wp\/v2\/comments?post=368"}],"version-history":[{"count":21,"href":"https:\/\/auzalarip.educacion.navarra.es\/web\/es\/wp-json\/wp\/v2\/pages\/368\/revisions"}],"predecessor-version":[{"id":7268,"href":"https:\/\/auzalarip.educacion.navarra.es\/web\/es\/wp-json\/wp\/v2\/pages\/368\/revisions\/7268"}],"wp:attachment":[{"href":"https:\/\/auzalarip.educacion.navarra.es\/web\/es\/wp-json\/wp\/v2\/media?parent=368"}],"curies":[{"name":"wp","href":"https:\/\/api.w.org\/{rel}","templated":true}]}}