{"id":361,"date":"2017-02-02T19:33:52","date_gmt":"2017-02-02T18:33:52","guid":{"rendered":"http:\/\/auzalarip.educacion.navarra.es\/web\/?page_id=361"},"modified":"2025-09-15T12:29:12","modified_gmt":"2025-09-15T10:29:12","slug":"autobusa","status":"publish","type":"page","link":"https:\/\/auzalarip.educacion.navarra.es\/web\/es\/autobusa\/","title":{"rendered":"TRANSPORTE ESCOLAR"},"content":{"rendered":"<div dir=\"ltr\">\n<p><span style=\"line-height: 1.5; color: #000000;\">Durante el curso 2025\/26 la Secci\u00f3n de Servicios Complementarios del Departamento de Educaci\u00f3n, a trav\u00e9s de las empresas AUTOBUSES CUADRA, SA (Rutas 0716, 0717 y 0718) y UTE PAMPLONA (Ruta 0715)<\/span><span style=\"line-height: 1.5; color: #000000;\">, gestiona el servicio de transporte escolar. Este servicio es s\u00f3lo para el alumnado transportado (alumnado de 13 pueblos de esta zona) y est\u00e1 subvencionado.<\/span><\/p>\n<p><span style=\"line-height: 1.5; color: #000000;\">El n\u00famero de autobuses este curso ser\u00e1 de cuatro. Este servicio, por otro lado, es compartido con la escuela CPCEIP \u00abSan Miguel\u00bb.<\/span><\/p>\n<p><span style=\"color: #000000;\">El horario del transporte escolar, este curso 2025\/2026, con la jornada partida, ha quedado as\u00ed:<\/span><\/p>\n<p><span style=\"color: #000000;\">De lunes a jueves, de octubre a mayo, todas las l\u00edneas:<\/span><\/p>\n<ul>\n<li><span style=\"color: #000000;\">Entrada : 9:00h<\/span><\/li>\n<li><span style=\"color: #000000;\">Salida : 16:30h<\/span><\/li>\n<\/ul>\n<p><span style=\"color: #000000;\">Septiembre, junio y los viernes:<\/span><\/p>\n<ul>\n<li><span style=\"color: #000000;\">Entrada: 9:00h.<\/span><\/li>\n<li><span style=\"color: #000000;\">Salida: 14:45h.<\/span><\/li>\n<\/ul>\n<p><span style=\"color: #000000;\"><strong>LINEAS, RUTAS y MONITORAS 2025\/2026:<\/strong><\/span><\/p>\n<\/div>\n<p><span style=\"font-weight: 400; color: #000000;\">L\u00cdNEA 1- RUTA 0716 (Blanki): ETXAURI-IZA<\/span><\/p>\n<p><span style=\"font-weight: 400; color: #000000;\">L\u00cdNEA 2 &#8211; RUTA 0717 (Cristina): <span data-sheets-value=\"{&quot;1&quot;:2,&quot;2&quot;:&quot;2. BIDAURRETA - ETXARRI - IBERO - ORORBIA&quot;}\" data-sheets-userformat=\"{&quot;2&quot;:4226,&quot;4&quot;:{&quot;1&quot;:2,&quot;2&quot;:16777215},&quot;10&quot;:2,&quot;15&quot;:&quot;Arial&quot;}\">BIDAURRETA &#8211; ETXARRI &#8211; IBERO<\/span><\/span><\/p>\n<p><span style=\"font-weight: 400; color: #000000;\">L\u00cdNEA 3 &#8211; RUTA 0715 (Alba): <span data-sheets-value=\"{&quot;1&quot;:2,&quot;2&quot;:&quot;3. EGILLOR - LIZASOAIN - ASIAIN - IZU - ARTAZKOTZ - IZKUE - ORORBIA&quot;}\" data-sheets-userformat=\"{&quot;2&quot;:4224,&quot;10&quot;:2,&quot;15&quot;:&quot;Arial&quot;}\">LIZASOAIN &#8211; EGILLOR &#8211; ASIAIN &#8211; IZU &#8211; ARTAZKOTZ &#8211; IZKUE<\/span><\/span><\/p>\n<p><span style=\"font-weight: 400; color: #000000;\">L\u00cdNEA 4 &#8211; RUTA 0718 (Arantxa): <span data-sheets-value=\"{&quot;1&quot;:2,&quot;2&quot;:&quot;4. ORORBIA - IZA - ARAZURI&quot;}\" data-sheets-userformat=\"{&quot;2&quot;:4224,&quot;10&quot;:2,&quot;15&quot;:&quot;Arial&quot;}\">ORORBIA &#8211; ARAZURI<\/span><\/span><\/p>\n<div dir=\"ltr\">\n<ul>\n<li><span style=\"color: #3366ff;\"><a href=\"https:\/\/auzalarip.educacion.navarra.es\/web\/wp-content\/uploads\/2022\/09\/22-23-NORMATIVA-TRANSPORTE-ESCOLAR.pdf\">Normativa del transporte escolar<\/a><\/span><\/li>\n<\/ul>\n<\/div>\n","protected":false},"excerpt":{"rendered":"<p>Durante el curso 2025\/26 la Secci\u00f3n de Servicios Complementarios del Departamento de Educaci\u00f3n, a trav\u00e9s de las empresas AUTOBUSES CUADRA, SA (Rutas 0716, 0717 y 0718) y UTE PAMPLONA (Ruta 0715), gestiona el servicio de transporte escolar. Este servicio es s\u00f3lo para el alumnado transportado (alumnado de 13 pueblos de esta zona) y est\u00e1 subvencionado. [&hellip;]<\/p>\n","protected":false},"author":1,"featured_media":0,"parent":0,"menu_order":0,"comment_status":"closed","ping_status":"closed","template":"","meta":{"_genesis_hide_title":false,"_genesis_hide_breadcrumbs":false,"_genesis_hide_singular_image":false,"_genesis_hide_footer_widgets":false,"_genesis_custom_body_class":"","_genesis_custom_post_class":"","_genesis_layout":"","footnotes":""},"class_list":{"0":"post-361","1":"page","2":"type-page","3":"status-publish","5":"entry"},"_links":{"self":[{"href":"https:\/\/auzalarip.educacion.navarra.es\/web\/es\/wp-json\/wp\/v2\/pages\/361","targetHints":{"allow":["GET"]}}],"collection":[{"href":"https:\/\/auzalarip.educacion.navarra.es\/web\/es\/wp-json\/wp\/v2\/pages"}],"about":[{"href":"https:\/\/auzalarip.educacion.navarra.es\/web\/es\/wp-json\/wp\/v2\/types\/page"}],"author":[{"embeddable":true,"href":"https:\/\/auzalarip.educacion.navarra.es\/web\/es\/wp-json\/wp\/v2\/users\/1"}],"replies":[{"embeddable":true,"href":"https:\/\/auzalarip.educacion.navarra.es\/web\/es\/wp-json\/wp\/v2\/comments?post=361"}],"version-history":[{"count":41,"href":"https:\/\/auzalarip.educacion.navarra.es\/web\/es\/wp-json\/wp\/v2\/pages\/361\/revisions"}],"predecessor-version":[{"id":7326,"href":"https:\/\/auzalarip.educacion.navarra.es\/web\/es\/wp-json\/wp\/v2\/pages\/361\/revisions\/7326"}],"wp:attachment":[{"href":"https:\/\/auzalarip.educacion.navarra.es\/web\/es\/wp-json\/wp\/v2\/media?parent=361"}],"curies":[{"name":"wp","href":"https:\/\/api.w.org\/{rel}","templated":true}]}}