{"id":2039,"date":"2022-03-18T13:46:58","date_gmt":"2022-03-18T12:46:58","guid":{"rendered":"https:\/\/auzalarip.educacion.navarra.es\/web\/?page_id=2039"},"modified":"2022-03-18T13:51:39","modified_gmt":"2022-03-18T12:51:39","slug":"oferta-educativa","status":"publish","type":"page","link":"https:\/\/auzalarip.educacion.navarra.es\/web\/es\/oferta-educativa\/","title":{"rendered":"Oferta educativa"},"content":{"rendered":"\n<p>Auzalar es una escuela integrada en Orkoien, lo que favorece la accesibilidad y las relaciones sociales.<\/p>\n\n\n\n<p>Somos un centro cercano y de confianza.<\/p>\n\n\n\n<p>Ofrecemos visitas personalizadas en las que os presentamos nuestro Proyecto Educativo, damos respuesta a vuestras dudas y recogemos vuestras expectativas.<\/p>\n\n\n\n<h4 class=\"wp-block-heading\"><strong>Educaci\u00f3n Infantil (3-6 A\u00f1os):<\/strong><\/h4>\n\n\n\n<ul class=\"wp-block-list\"><li>La Educaci\u00f3n Infantil, etapa educativa de car\u00e1cter voluntario, tiene identidad propia y atiende a ni\u00f1as y ni\u00f1os desde que nacen hasta los seis a\u00f1os.<\/li><li>Se ordena en dos ciclos: el primero comprende hasta los tres a\u00f1os de edad y el segundo desde los tres hasta los seis.<\/li><li>La finalidad de la Educaci\u00f3n Infantil es contribuir al desarrollo f\u00edsico, afectivo, social e intelectual de los ni\u00f1os y las ni\u00f1as.<\/li><\/ul>\n\n\n\n<h3 class=\"wp-block-heading\"><\/h3>\n\n\n\n<h4 class=\"wp-block-heading\"><strong>Educaci\u00f3n Primaria (6-12 A\u00f1os):<\/strong><\/h4>\n\n\n\n<ul class=\"wp-block-list\"><li>En esta Etapa se hace especial hincapi\u00e9 en el desarrollo de h\u00e1bitos, actitudes y valores que favorezcan la formaci\u00f3n integral del alumnado.<\/li><li>La Educaci\u00f3n Primaria facilita la integraci\u00f3n de las distintas experiencias y aprendizajes del alumnado y se adapta a sus ritmos de trabajo, a sus caracter\u00edsticas individuales, con el fin de conseguir que todo el alumnado alcance los objetivos y desarrolle el m\u00e1ximo de sus posibilidades.<\/li><\/ul>\n","protected":false},"excerpt":{"rendered":"<p>Auzalar es una escuela integrada en Orkoien, lo que favorece la accesibilidad y las relaciones sociales. Somos un centro cercano y de confianza. Ofrecemos visitas personalizadas en las que os presentamos nuestro Proyecto Educativo, damos respuesta a vuestras dudas y recogemos vuestras expectativas. Educaci\u00f3n Infantil (3-6 A\u00f1os): La Educaci\u00f3n Infantil, etapa educativa de car\u00e1cter voluntario, [&hellip;]<\/p>\n","protected":false},"author":1,"featured_media":0,"parent":0,"menu_order":0,"comment_status":"closed","ping_status":"closed","template":"","meta":{"_genesis_hide_title":false,"_genesis_hide_breadcrumbs":false,"_genesis_hide_singular_image":false,"_genesis_hide_footer_widgets":false,"_genesis_custom_body_class":"","_genesis_custom_post_class":"","_genesis_layout":"","footnotes":""},"class_list":{"0":"post-2039","1":"page","2":"type-page","3":"status-publish","5":"entry"},"_links":{"self":[{"href":"https:\/\/auzalarip.educacion.navarra.es\/web\/es\/wp-json\/wp\/v2\/pages\/2039","targetHints":{"allow":["GET"]}}],"collection":[{"href":"https:\/\/auzalarip.educacion.navarra.es\/web\/es\/wp-json\/wp\/v2\/pages"}],"about":[{"href":"https:\/\/auzalarip.educacion.navarra.es\/web\/es\/wp-json\/wp\/v2\/types\/page"}],"author":[{"embeddable":true,"href":"https:\/\/auzalarip.educacion.navarra.es\/web\/es\/wp-json\/wp\/v2\/users\/1"}],"replies":[{"embeddable":true,"href":"https:\/\/auzalarip.educacion.navarra.es\/web\/es\/wp-json\/wp\/v2\/comments?post=2039"}],"version-history":[{"count":3,"href":"https:\/\/auzalarip.educacion.navarra.es\/web\/es\/wp-json\/wp\/v2\/pages\/2039\/revisions"}],"predecessor-version":[{"id":2049,"href":"https:\/\/auzalarip.educacion.navarra.es\/web\/es\/wp-json\/wp\/v2\/pages\/2039\/revisions\/2049"}],"wp:attachment":[{"href":"https:\/\/auzalarip.educacion.navarra.es\/web\/es\/wp-json\/wp\/v2\/media?parent=2039"}],"curies":[{"name":"wp","href":"https:\/\/api.w.org\/{rel}","templated":true}]}}