{"id":1523,"date":"2022-01-20T10:10:16","date_gmt":"2022-01-20T09:10:16","guid":{"rendered":"https:\/\/auzalarip.educacion.navarra.es\/web\/?page_id=1523"},"modified":"2022-11-18T13:25:17","modified_gmt":"2022-11-18T12:25:17","slug":"nuestros-videos","status":"publish","type":"page","link":"https:\/\/auzalarip.educacion.navarra.es\/web\/es\/nuestros-videos\/","title":{"rendered":"Nuestros videos"},"content":{"rendered":"\n<p>Kaixo!<\/p>\n\n\n\n<p>Las alumnas y alumnos han disfrutado del <strong>D\u00eda de la Casta\u00f1a<\/strong> organizado por la Apyma Baietz. El alumnado de Infantil ha tenido cuentacuentos antes de comer casta\u00f1as y luego todas y todos hemos comido casta\u00f1as para almorzar.<br>Mila esker!<\/p>\n\n\n\n<figure class=\"wp-block-embed is-type-video is-provider-youtube wp-block-embed-youtube wp-embed-aspect-16-9 wp-has-aspect-ratio\"><div class=\"wp-block-embed__wrapper\">\n<iframe loading=\"lazy\" title=\"IMG 20221118 085731 AUTO AWESOME MOVIE\" width=\"500\" height=\"281\" src=\"https:\/\/www.youtube.com\/embed\/IDRlzvO7GH0?feature=oembed\" frameborder=\"0\" allow=\"accelerometer; autoplay; clipboard-write; encrypted-media; gyroscope; picture-in-picture; web-share\" referrerpolicy=\"strict-origin-when-cross-origin\" allowfullscreen><\/iframe>\n<\/div><\/figure>\n\n\n\n<hr class=\"wp-block-separator\"\/>\n\n\n\n<p>Kaixo!<\/p>\n\n\n\n<p>En los siguientes v\u00eddeos pod\u00e9is ver las fotos de la fiesta de final de curso y la despedida realizada al alumnado de sexto. <\/p>\n\n\n\n<figure class=\"wp-block-embed is-type-video is-provider-youtube wp-block-embed-youtube wp-embed-aspect-16-9 wp-has-aspect-ratio\"><div class=\"wp-block-embed__wrapper\">\n<iframe loading=\"lazy\" title=\"auzalar 22 6 22\" width=\"500\" height=\"281\" src=\"https:\/\/www.youtube.com\/embed\/yx7puyjU1xk?feature=oembed\" frameborder=\"0\" allow=\"accelerometer; autoplay; clipboard-write; encrypted-media; gyroscope; picture-in-picture; web-share\" referrerpolicy=\"strict-origin-when-cross-origin\" allowfullscreen><\/iframe>\n<\/div><\/figure>\n\n\n\n<figure class=\"wp-block-embed is-type-video is-provider-youtube wp-block-embed-youtube wp-embed-aspect-16-9 wp-has-aspect-ratio\"><div class=\"wp-block-embed__wrapper\">\n<iframe loading=\"lazy\" title=\"abestia LH6 auzalar\" width=\"500\" height=\"281\" src=\"https:\/\/www.youtube.com\/embed\/v-CrX-Ku8LI?feature=oembed\" frameborder=\"0\" allow=\"accelerometer; autoplay; clipboard-write; encrypted-media; gyroscope; picture-in-picture; web-share\" referrerpolicy=\"strict-origin-when-cross-origin\" allowfullscreen><\/iframe>\n<\/div><\/figure>\n\n\n\n<figure class=\"wp-block-embed is-type-video is-provider-youtube wp-block-embed-youtube wp-embed-aspect-16-9 wp-has-aspect-ratio\"><div class=\"wp-block-embed__wrapper\">\n<iframe loading=\"lazy\" title=\"Abestia 2\" width=\"500\" height=\"281\" src=\"https:\/\/www.youtube.com\/embed\/aljres_JsGA?feature=oembed\" frameborder=\"0\" allow=\"accelerometer; autoplay; clipboard-write; encrypted-media; gyroscope; picture-in-picture; web-share\" referrerpolicy=\"strict-origin-when-cross-origin\" allowfullscreen><\/iframe>\n<\/div><\/figure>\n\n\n\n<figure class=\"wp-block-embed is-type-video is-provider-youtube wp-block-embed-youtube wp-embed-aspect-16-9 wp-has-aspect-ratio\"><div class=\"wp-block-embed__wrapper\">\n<iframe loading=\"lazy\" title=\"Dantza LH6 auzalar 21-22\" width=\"500\" height=\"281\" src=\"https:\/\/www.youtube.com\/embed\/20jn7RB0HXI?feature=oembed\" frameborder=\"0\" allow=\"accelerometer; autoplay; clipboard-write; encrypted-media; gyroscope; picture-in-picture; web-share\" referrerpolicy=\"strict-origin-when-cross-origin\" allowfullscreen><\/iframe>\n<\/div><\/figure>\n\n\n\n<hr class=\"wp-block-separator\"\/>\n\n\n\n<p>Kaixo!<\/p>\n\n\n\n<p>A continuaci\u00f3n pod\u00e9is ver el v\u00eddeo de la KORRIKA TXIKIA. \u00a1Esperamos que os guste!<\/p>\n\n\n\n<figure class=\"wp-block-embed is-type-video is-provider-youtube wp-block-embed-youtube wp-embed-aspect-16-9 wp-has-aspect-ratio\"><div class=\"wp-block-embed__wrapper\">\n<iframe loading=\"lazy\" title=\"KORRIKA TXIKIA AUZALAR 2022\" width=\"500\" height=\"281\" src=\"https:\/\/www.youtube.com\/embed\/DRufsF4f8Ck?feature=oembed\" frameborder=\"0\" allow=\"accelerometer; autoplay; clipboard-write; encrypted-media; gyroscope; picture-in-picture; web-share\" referrerpolicy=\"strict-origin-when-cross-origin\" allowfullscreen><\/iframe>\n<\/div><\/figure>\n\n\n\n<figure class=\"wp-block-embed is-type-video is-provider-youtube wp-block-embed-youtube wp-embed-aspect-16-9 wp-has-aspect-ratio\"><div class=\"wp-block-embed__wrapper\">\n<iframe loading=\"lazy\" title=\"Korrika txikia 21 22   BIDEOA\" width=\"500\" height=\"281\" src=\"https:\/\/www.youtube.com\/embed\/bVupWR_j_ms?feature=oembed\" frameborder=\"0\" allow=\"accelerometer; autoplay; clipboard-write; encrypted-media; gyroscope; picture-in-picture; web-share\" referrerpolicy=\"strict-origin-when-cross-origin\" allowfullscreen><\/iframe>\n<\/div><\/figure>\n\n\n\n<p>&#8212;&#8212;&#8212;&#8212;&#8212;&#8212;&#8212;&#8212;&#8212;&#8212;&#8212;&#8212;&#8212;&#8212;&#8212;&#8212;&#8212;&#8212;&#8212;&#8212;&#8212;&#8212;&#8212;&#8212;&#8212;&#8212;&#8212;&#8212;&#8212;&#8212;&#8212;&#8212;&#8212;&#8212;&#8212;&#8212;&#8212;&#8212;&#8211;<\/p>\n\n\n\n<p>Kaixo!<\/p>\n\n\n\n<p>Aqu\u00ed ten\u00e9is montaje de las fotos del d\u00eda 22 de diciembre. Como ver\u00e9is Mari Domingi no vino, y es que&#8230; \u00a1La confinaron en el \u00faltimo momento!<\/p>\n\n\n\n<p>Disfrutatu!!!<\/p>\n\n\n\n<figure class=\"wp-block-embed is-type-video is-provider-youtube wp-block-embed-youtube wp-embed-aspect-16-9 wp-has-aspect-ratio\"><div class=\"wp-block-embed__wrapper\">\n<iframe loading=\"lazy\" title=\"Olentzero Auzalarrera etorri da!!!\" width=\"500\" height=\"281\" src=\"https:\/\/www.youtube.com\/embed\/pgFjg9SJIxo?feature=oembed\" frameborder=\"0\" allow=\"accelerometer; autoplay; clipboard-write; encrypted-media; gyroscope; picture-in-picture; web-share\" referrerpolicy=\"strict-origin-when-cross-origin\" allowfullscreen><\/iframe>\n<\/div><\/figure>\n","protected":false},"excerpt":{"rendered":"<p>Kaixo! Las alumnas y alumnos han disfrutado del D\u00eda de la Casta\u00f1a organizado por la Apyma Baietz. El alumnado de Infantil ha tenido cuentacuentos antes de comer casta\u00f1as y luego todas y todos hemos comido casta\u00f1as para almorzar.Mila esker! Kaixo! En los siguientes v\u00eddeos pod\u00e9is ver las fotos de la fiesta de final de curso [&hellip;]<\/p>\n","protected":false},"author":1,"featured_media":0,"parent":0,"menu_order":0,"comment_status":"closed","ping_status":"closed","template":"","meta":{"_genesis_hide_title":false,"_genesis_hide_breadcrumbs":false,"_genesis_hide_singular_image":false,"_genesis_hide_footer_widgets":false,"_genesis_custom_body_class":"","_genesis_custom_post_class":"","_genesis_layout":"","footnotes":""},"class_list":{"0":"post-1523","1":"page","2":"type-page","3":"status-publish","5":"entry"},"_links":{"self":[{"href":"https:\/\/auzalarip.educacion.navarra.es\/web\/es\/wp-json\/wp\/v2\/pages\/1523","targetHints":{"allow":["GET"]}}],"collection":[{"href":"https:\/\/auzalarip.educacion.navarra.es\/web\/es\/wp-json\/wp\/v2\/pages"}],"about":[{"href":"https:\/\/auzalarip.educacion.navarra.es\/web\/es\/wp-json\/wp\/v2\/types\/page"}],"author":[{"embeddable":true,"href":"https:\/\/auzalarip.educacion.navarra.es\/web\/es\/wp-json\/wp\/v2\/users\/1"}],"replies":[{"embeddable":true,"href":"https:\/\/auzalarip.educacion.navarra.es\/web\/es\/wp-json\/wp\/v2\/comments?post=1523"}],"version-history":[{"count":8,"href":"https:\/\/auzalarip.educacion.navarra.es\/web\/es\/wp-json\/wp\/v2\/pages\/1523\/revisions"}],"predecessor-version":[{"id":2940,"href":"https:\/\/auzalarip.educacion.navarra.es\/web\/es\/wp-json\/wp\/v2\/pages\/1523\/revisions\/2940"}],"wp:attachment":[{"href":"https:\/\/auzalarip.educacion.navarra.es\/web\/es\/wp-json\/wp\/v2\/media?parent=1523"}],"curies":[{"name":"wp","href":"https:\/\/api.w.org\/{rel}","templated":true}]}}