{"id":1057,"date":"2020-01-27T12:17:16","date_gmt":"2020-01-27T11:17:16","guid":{"rendered":"http:\/\/auzalarip.educacion.navarra.es\/web\/?page_id=1057"},"modified":"2026-03-10T13:25:31","modified_gmt":"2026-03-10T12:25:31","slug":"prematriculas","status":"publish","type":"page","link":"https:\/\/auzalarip.educacion.navarra.es\/web\/es\/prematriculas\/","title":{"rendered":"PREMATRICULA"},"content":{"rendered":"<div class=\"wp-block-image\">\n<figure class=\"alignright\"><img decoding=\"async\" src=\"https:\/\/auzalarip.educacion.navarra.es\/web\/wp-content\/uploads\/2022\/02\/banner-2.gif\" alt=\"La imagen tiene un atributo ALT vac\u00edo; su nombre de archivo es banner-2.gif\"\/><\/figure>\n<\/div>\n\n\n<p>Kaixo, familiak:<\/p>\n\n\n\n<p>El proceso de&nbsp;<strong><a href=\"https:\/\/www.educacion.navarra.es\/web\/dpto\/preinscripcion\">preinscripci\u00f3n para el curso 2026-2027<\/a><\/strong>&nbsp;(ver link) ya est\u00e1 en marcha.<\/p>\n\n\n\n<p><strong>\u00bfCu\u00e1ndo y c\u00f3mo realizar las inscripciones?&nbsp;<\/strong><\/p>\n\n\n\n<p><strong>Plazo: del 9 al 13 de marzo (de lunes a viernes), de forma&nbsp;<\/strong><strong>telem\u00e1tica<\/strong><strong>&nbsp;o presencial.<\/strong><\/p>\n\n\n\n<h4 class=\"wp-block-heading\" id=\"solicitud-telematica\">SOLICITUD TELEM\u00c1TICA<\/h4>\n\n\n\n<p>La presentaci\u00f3n de solicitudes se realizar\u00e1 preferentemente de forma telem\u00e1tica a trav\u00e9s de:<\/p>\n\n\n\n<ul class=\"wp-block-list\">\n<li><a href=\"https:\/\/www.navarra.es\/es\/tramites\/on\/-\/line\/preinscripcion-y-matricula-del-alumnado-de-segundo-ciclo-de-educacion-infantil-y-primaria\"><strong>La&nbsp;ficha&nbsp;de tr\u00e1mite<\/strong><\/a>, en la que se encuentra toda la informaci\u00f3n relativa al proceso.&nbsp;<\/li>\n\n\n\n<li>El&nbsp;<strong><a href=\"https:\/\/educa.navarra.es\/auth\/realms\/educacion.navarra.es\/protocol\/openid-connect\/auth?client_id=educa-portal-frontend&amp;redirect_uri=https%3A%2F%2Feducages.navarra.es%2FEduca%2Fportal%2Fes%2F&amp;state=592eb760-870e-4010-9fa9-6c396c80c04a&amp;nonce=c52eaba6-5779-4657-a3de-ebb28c763530&amp;response_mode=fragment&amp;response_type=code&amp;scope=openid\" target=\"_blank\" rel=\"noreferrer noopener\">Portal de Educa<\/a> (ver link),&nbsp;<\/strong>al que se accede por medio de:\n<ul class=\"wp-block-list\">\n<li>Una&nbsp;<strong>cuenta de usuario<\/strong>&nbsp;de EDUCA.<\/li>\n\n\n\n<li>Cualquiera de los&nbsp;<a href=\"https:\/\/www.navarra.es\/es\/tramites\/ayuda-para-tramitar-por-internet\">sistemas oficiales de identificaci\u00f3n<\/a>, como Clave,&nbsp;DNI digital, certificado electr\u00f3nico o firma digital.<\/li>\n\n\n\n<li>Consulta&nbsp;aqu\u00ed las&nbsp;<a href=\"https:\/\/docs.google.com\/document\/d\/e\/2PACX-1vTfpHEv5dN65tC_NLUUjG43h0W_mfQS6NohmBjEnIaRfFM5vp3KB8PNfrBvX-emAVfjCY5eKcM0PW1O\/pub\">instrucciones<\/a>.&nbsp;<\/li>\n<\/ul>\n<\/li>\n<\/ul>\n\n\n\n<p>Quienes hagan la prematr\u00edcula de manera telem\u00e1tica, deber\u00e1n adjuntar la documentaci\u00f3n del centro que ten\u00e9is m\u00e1s abajo, junto con el resto de documentaci\u00f3n o enviarla por email a auzalarip@educacion.navarra.es<\/p>\n\n\n\n<h4 class=\"wp-block-heading\" id=\"solicitud-presencial-de-9-00-a-15-00h-en-secretaria-de-la-escuela\">SOLICITUD PRESENCIAL (de 9:00 a 15:00h, en secretar\u00eda de la escuela)<\/h4>\n\n\n\n<p>La tramitaci\u00f3n de las solicitudes podr\u00e1 realizarse adem\u00e1s en cualquiera de los centros elegidos en las opciones&nbsp;para que, ante las posibles dificultades de autenticaci\u00f3n de las personas solicitantes, el centro las tramite en su nombre con la correspondiente autorizaci\u00f3n.<\/p>\n\n\n\n<p>***<strong>Importante:<\/strong>&nbsp;cada solicitante deber\u00e1 presentar una \u00fanica instancia en los plazos establecidos. La presentaci\u00f3n de m\u00e1s de una solicitud para un mismo alumno o alumna dar\u00e1 lugar a su exclusi\u00f3n del proceso ordinario de admisi\u00f3n.<\/p>\n\n\n\n<div class=\"wp-block-columns is-layout-flex wp-container-core-columns-is-layout-9d6595d7 wp-block-columns-is-layout-flex\">\n<div class=\"wp-block-column is-layout-flow wp-block-column-is-layout-flow\" style=\"flex-basis:66.66%\">\n<figure class=\"wp-block-embed is-type-video is-provider-youtube wp-block-embed-youtube wp-embed-aspect-16-9 wp-has-aspect-ratio\"><div class=\"wp-block-embed__wrapper\">\n<iframe loading=\"lazy\" title=\"\u2018Dales nuestro legado, dales euskera \/ Emaiezu hemengoa, emaiezu euskara\u2019\" width=\"500\" height=\"281\" src=\"https:\/\/www.youtube.com\/embed\/xRrGBSbZnfE?feature=oembed\" frameborder=\"0\" allow=\"accelerometer; autoplay; clipboard-write; encrypted-media; gyroscope; picture-in-picture; web-share\" referrerpolicy=\"strict-origin-when-cross-origin\" allowfullscreen><\/iframe>\n<\/div><\/figure>\n<\/div>\n\n\n\n<div class=\"wp-block-column is-layout-flow wp-block-column-is-layout-flow\" style=\"flex-basis:33.33%\">\n<figure class=\"wp-block-image size-full\"><img loading=\"lazy\" decoding=\"async\" width=\"1463\" height=\"2048\" src=\"https:\/\/auzalarip.educacion.navarra.es\/web\/wp-content\/uploads\/2026\/03\/IMG-20260226-WA0009.jpg\" alt=\"\" class=\"wp-image-7824\" srcset=\"https:\/\/auzalarip.educacion.navarra.es\/web\/wp-content\/uploads\/2026\/03\/IMG-20260226-WA0009.jpg 1463w, https:\/\/auzalarip.educacion.navarra.es\/web\/wp-content\/uploads\/2026\/03\/IMG-20260226-WA0009-214x300.jpg 214w, https:\/\/auzalarip.educacion.navarra.es\/web\/wp-content\/uploads\/2026\/03\/IMG-20260226-WA0009-732x1024.jpg 732w, https:\/\/auzalarip.educacion.navarra.es\/web\/wp-content\/uploads\/2026\/03\/IMG-20260226-WA0009-768x1075.jpg 768w, https:\/\/auzalarip.educacion.navarra.es\/web\/wp-content\/uploads\/2026\/03\/IMG-20260226-WA0009-1097x1536.jpg 1097w\" sizes=\"auto, (max-width: 1463px) 100vw, 1463px\" \/><\/figure>\n<\/div>\n<\/div>\n\n\n\n<p><strong>DOCUMENTACI\u00d3N GOBIERNO DE NAVARRA:<\/strong><\/p>\n\n\n\n<div data-wp-interactive=\"core\/file\" class=\"wp-block-file\"><object data-wp-bind--hidden=\"!state.hasPdfPreview\" hidden class=\"wp-block-file__embed\" data=\"https:\/\/auzalarip.educacion.navarra.es\/web\/wp-content\/uploads\/2026\/03\/Solicitud-INF-PRIM-26-27-plazo-ordinario-2-1.pdf\" type=\"application\/pdf\" style=\"width:100%;height:600px\" aria-label=\"Incrustado de Solicitud-INF-PRIM-26-27-plazo-ordinario-2-1.\"><\/object><a id=\"wp-block-file--media-2dcaeed7-ff8b-4303-851c-75876df43f3c\" href=\"https:\/\/auzalarip.educacion.navarra.es\/web\/wp-content\/uploads\/2026\/03\/Solicitud-INF-PRIM-26-27-plazo-ordinario-2-1.pdf\">Solicitud-INF-PRIM-26-27-plazo-ordinario-2-1<\/a><a href=\"https:\/\/auzalarip.educacion.navarra.es\/web\/wp-content\/uploads\/2026\/03\/Solicitud-INF-PRIM-26-27-plazo-ordinario-2-1.pdf\" class=\"wp-block-file__button wp-element-button\" download aria-describedby=\"wp-block-file--media-2dcaeed7-ff8b-4303-851c-75876df43f3c\">Descarga<\/a><\/div>\n\n\n\n<div class=\"wp-block-columns is-layout-flex wp-container-core-columns-is-layout-9d6595d7 wp-block-columns-is-layout-flex\">\n<div class=\"wp-block-column is-layout-flow wp-block-column-is-layout-flow\">\n<div data-wp-interactive=\"core\/file\" class=\"wp-block-file\"><object data-wp-bind--hidden=\"!state.hasPdfPreview\" hidden class=\"wp-block-file__embed\" data=\"https:\/\/auzalarip.educacion.navarra.es\/web\/wp-content\/uploads\/2026\/03\/Autorizacion-consulta-vulnerabilidad-socioeducativa.pdf\" type=\"application\/pdf\" style=\"width:100%;height:600px\" aria-label=\"Incrustado de Autorizaci\u00f3n consulta vulnerabilidad socioeducativa.\"><\/object><a id=\"wp-block-file--media-132b4ad7-8a49-473a-906d-f63001c18f83\" href=\"https:\/\/auzalarip.educacion.navarra.es\/web\/wp-content\/uploads\/2026\/03\/Autorizacion-consulta-vulnerabilidad-socioeducativa.pdf\">Autorizaci\u00f3n consulta vulnerabilidad socioeducativa<\/a><a href=\"https:\/\/auzalarip.educacion.navarra.es\/web\/wp-content\/uploads\/2026\/03\/Autorizacion-consulta-vulnerabilidad-socioeducativa.pdf\" class=\"wp-block-file__button wp-element-button\" download aria-describedby=\"wp-block-file--media-132b4ad7-8a49-473a-906d-f63001c18f83\">Descarga<\/a><\/div>\n<\/div>\n\n\n\n<div class=\"wp-block-column is-layout-flow wp-block-column-is-layout-flow\">\n<div data-wp-interactive=\"core\/file\" class=\"wp-block-file\"><object data-wp-bind--hidden=\"!state.hasPdfPreview\" hidden class=\"wp-block-file__embed\" data=\"https:\/\/auzalarip.educacion.navarra.es\/web\/wp-content\/uploads\/2026\/03\/Autorizacion-rentas-separadas-Admision-online-2024-1.pdf\" type=\"application\/pdf\" style=\"width:100%;height:600px\" aria-label=\"Incrustado de Autorizaci\u00f3n rentas separadas Admisi\u00f3n online&lt;br&gt; (1).\"><\/object><a id=\"wp-block-file--media-08f9f470-036b-4ea6-9d1b-6d39c2349a00\" href=\"https:\/\/auzalarip.educacion.navarra.es\/web\/wp-content\/uploads\/2026\/03\/Autorizacion-rentas-separadas-Admision-online-2024-1.pdf\">Autorizaci\u00f3n rentas separadas Admisi\u00f3n online<br> (1)<\/a><a href=\"https:\/\/auzalarip.educacion.navarra.es\/web\/wp-content\/uploads\/2026\/03\/Autorizacion-rentas-separadas-Admision-online-2024-1.pdf\" class=\"wp-block-file__button wp-element-button\" download aria-describedby=\"wp-block-file--media-08f9f470-036b-4ea6-9d1b-6d39c2349a00\">Descarga<\/a><\/div>\n<\/div>\n<\/div>\n\n\n\n<p><strong>DOCUMENTACI\u00d3N PROPIA DEL CENTRO:<\/strong><\/p>\n\n\n\n<div class=\"wp-block-columns is-layout-flex wp-container-core-columns-is-layout-9d6595d7 wp-block-columns-is-layout-flex\">\n<div class=\"wp-block-column is-layout-flow wp-block-column-is-layout-flow\">\n<div data-wp-interactive=\"core\/file\" class=\"wp-block-file\"><object data-wp-bind--hidden=\"!state.hasPdfPreview\" hidden class=\"wp-block-file__embed\" data=\"https:\/\/auzalarip.educacion.navarra.es\/web\/wp-content\/uploads\/2026\/03\/Aurkeztu-beharreko-AGIRIEN-ZERRENDA.docx-3.pdf\" type=\"application\/pdf\" style=\"width:100%;height:600px\" aria-label=\"Incrustado de Aurkeztu beharreko AGIRIEN ZERRENDA.docx (3).\"><\/object><a id=\"wp-block-file--media-0511d3c1-fce2-4a8e-9cd0-b91c16a76e7c\" href=\"https:\/\/auzalarip.educacion.navarra.es\/web\/wp-content\/uploads\/2026\/03\/Aurkeztu-beharreko-AGIRIEN-ZERRENDA.docx-3.pdf\">Aurkeztu beharreko AGIRIEN ZERRENDA.docx (3)<\/a><a href=\"https:\/\/auzalarip.educacion.navarra.es\/web\/wp-content\/uploads\/2026\/03\/Aurkeztu-beharreko-AGIRIEN-ZERRENDA.docx-3.pdf\" class=\"wp-block-file__button wp-element-button\" download aria-describedby=\"wp-block-file--media-0511d3c1-fce2-4a8e-9cd0-b91c16a76e7c\">Descarga<\/a><\/div>\n<\/div>\n\n\n\n<div class=\"wp-block-column is-layout-flow wp-block-column-is-layout-flow\">\n<div data-wp-interactive=\"core\/file\" class=\"wp-block-file\"><object data-wp-bind--hidden=\"!state.hasPdfPreview\" hidden class=\"wp-block-file__embed\" data=\"https:\/\/auzalarip.educacion.navarra.es\/web\/wp-content\/uploads\/2025\/03\/KONTU-KORRONTEA.docx.pdf\" type=\"application\/pdf\" style=\"width:100%;height:600px\" aria-label=\"Incrustado de Incrustado de KONTU-KORRONTEA.docx..\"><\/object><a id=\"wp-block-file--media-0c54c4e7-4e7d-4af0-9906-988b07cd7b8c\" href=\"https:\/\/auzalarip.educacion.navarra.es\/web\/wp-content\/uploads\/2025\/03\/KONTU-KORRONTEA.docx.pdf\">KONTU-KORRONTEA.docx<\/a><a href=\"https:\/\/auzalarip.educacion.navarra.es\/web\/wp-content\/uploads\/2025\/03\/KONTU-KORRONTEA.docx.pdf\" class=\"wp-block-file__button\" download aria-describedby=\"wp-block-file--media-0c54c4e7-4e7d-4af0-9906-988b07cd7b8c\">Descarga<\/a><\/div>\n<\/div>\n<\/div>\n\n\n\n<div class=\"wp-block-columns is-layout-flex wp-container-core-columns-is-layout-9d6595d7 wp-block-columns-is-layout-flex\">\n<div class=\"wp-block-column is-layout-flow wp-block-column-is-layout-flow\">\n<div data-wp-interactive=\"core\/file\" class=\"wp-block-file\"><object data-wp-bind--hidden=\"!state.hasPdfPreview\" hidden class=\"wp-block-file__embed\" data=\"https:\/\/auzalarip.educacion.navarra.es\/web\/wp-content\/uploads\/2026\/03\/Aurrematrikula-galdera-sorta-cuestionario-prematricula.docx-1-1.pdf\" type=\"application\/pdf\" style=\"width:100%;height:600px\" aria-label=\"Incrustado de Aurrematrikula galdera sorta -cuestionario prematricula.docx (1) (1).\"><\/object><a id=\"wp-block-file--media-4aec0179-1353-4337-8fc2-0839f9e507bf\" href=\"https:\/\/auzalarip.educacion.navarra.es\/web\/wp-content\/uploads\/2026\/03\/Aurrematrikula-galdera-sorta-cuestionario-prematricula.docx-1-1.pdf\">Aurrematrikula galdera sorta -cuestionario prematricula.docx (1) (1)<\/a><a href=\"https:\/\/auzalarip.educacion.navarra.es\/web\/wp-content\/uploads\/2026\/03\/Aurrematrikula-galdera-sorta-cuestionario-prematricula.docx-1-1.pdf\" class=\"wp-block-file__button wp-element-button\" download aria-describedby=\"wp-block-file--media-4aec0179-1353-4337-8fc2-0839f9e507bf\">Descarga<\/a><\/div>\n<\/div>\n\n\n\n<div class=\"wp-block-column is-layout-flow wp-block-column-is-layout-flow\">\n<div data-wp-interactive=\"core\/file\" class=\"wp-block-file\"><object data-wp-bind--hidden=\"!state.hasPdfPreview\" hidden class=\"wp-block-file__embed\" data=\"https:\/\/auzalarip.educacion.navarra.es\/web\/wp-content\/uploads\/2026\/03\/JANTOKI-AURREIKUSPENA.docx-fitxategiaren-kopia.pdf\" type=\"application\/pdf\" style=\"width:100%;height:600px\" aria-label=\"Incrustado de JANTOKI AURREIKUSPENA.docx fitxategiaren kopia.\"><\/object><a id=\"wp-block-file--media-00fb27cf-3677-4285-986e-3d3cacc0f4a5\" href=\"https:\/\/auzalarip.educacion.navarra.es\/web\/wp-content\/uploads\/2026\/03\/JANTOKI-AURREIKUSPENA.docx-fitxategiaren-kopia.pdf\">JANTOKI AURREIKUSPENA.docx fitxategiaren kopia<\/a><a href=\"https:\/\/auzalarip.educacion.navarra.es\/web\/wp-content\/uploads\/2026\/03\/JANTOKI-AURREIKUSPENA.docx-fitxategiaren-kopia.pdf\" class=\"wp-block-file__button wp-element-button\" download aria-describedby=\"wp-block-file--media-00fb27cf-3677-4285-986e-3d3cacc0f4a5\">Descarga<\/a><\/div>\n<\/div>\n<\/div>\n\n\n\n<div class=\"wp-block-columns is-layout-flex wp-container-core-columns-is-layout-9d6595d7 wp-block-columns-is-layout-flex\">\n<div class=\"wp-block-column is-layout-flow wp-block-column-is-layout-flow\">\n<div data-wp-interactive=\"core\/file\" class=\"wp-block-file\"><object data-wp-bind--hidden=\"!state.hasPdfPreview\" hidden class=\"wp-block-file__embed\" data=\"https:\/\/auzalarip.educacion.navarra.es\/web\/wp-content\/uploads\/2025\/03\/Eskolaldi-osorako-baimenak.docx.pdf\" type=\"application\/pdf\" style=\"width:100%;height:600px\" aria-label=\"Incrustado de Incrustado de Eskolaldi-osorako-baimenak.docx..\"><\/object><a id=\"wp-block-file--media-52c6db47-3083-4295-a468-d125aa1ab3ba\" href=\"https:\/\/auzalarip.educacion.navarra.es\/web\/wp-content\/uploads\/2025\/03\/Eskolaldi-osorako-baimenak.docx.pdf\">Eskolaldi-osorako-baimenak.docx<\/a><a href=\"https:\/\/auzalarip.educacion.navarra.es\/web\/wp-content\/uploads\/2025\/03\/Eskolaldi-osorako-baimenak.docx.pdf\" class=\"wp-block-file__button\" download aria-describedby=\"wp-block-file--media-52c6db47-3083-4295-a468-d125aa1ab3ba\">Descarga<\/a><\/div>\n<\/div>\n\n\n\n<div class=\"wp-block-column is-layout-flow wp-block-column-is-layout-flow\">\n<figure class=\"wp-block-image size-full\"><img loading=\"lazy\" decoding=\"async\" width=\"728\" height=\"1024\" src=\"https:\/\/auzalarip.educacion.navarra.es\/web\/wp-content\/uploads\/2026\/03\/Cartel-general-31-728x1024-1.jpg\" alt=\"\" class=\"wp-image-7831\" srcset=\"https:\/\/auzalarip.educacion.navarra.es\/web\/wp-content\/uploads\/2026\/03\/Cartel-general-31-728x1024-1.jpg 728w, https:\/\/auzalarip.educacion.navarra.es\/web\/wp-content\/uploads\/2026\/03\/Cartel-general-31-728x1024-1-213x300.jpg 213w\" sizes=\"auto, (max-width: 728px) 100vw, 728px\" \/><\/figure>\n<\/div>\n<\/div>\n\n\n\n<p><strong>PUBLICACI\u00d3N LISTADOS DE ADMISI\u00d3N a trav\u00e9s de la p\u00e1gina Web como en la entrada del centro.<\/strong><\/p>\n\n\n\n<p>Listado provisional: 1\u00ba de infantil, 16 de abril\/ De 2\u00ba de infantil a 6\u00ba de Primaria, 2 de junio<\/p>\n\n\n\n<p>Listado definitivo: 1\u00ba de infantil, 11 de mayo\/ De 2\u00ba de infantil a 6\u00ba de Primaria, 12 de junio<\/p>\n\n\n\n<p><strong>REUNI\u00d3N JUNIO<\/strong><\/p>\n\n\n\n<p>Una vez comprobada la admisi\u00f3n, el alumnado admitido, recibir\u00e1 una convocatoria de reuni\u00f3n por correo para finales de junio sobre el periodo de acogida (la matr\u00edcula de junio la realizar\u00e1 el centro con la documentaci\u00f3n aportada por las familias en la prematr\u00edcula de marzo).&nbsp;<\/p>\n\n\n\n<p><br>Si ten\u00e9is cualquier duda, pod\u00e9is enviarnos un email o llamarnos al tel\u00e9fono abajo indicado.&nbsp;<\/p>\n\n\n\n<p>948326732 \/ auzalarip@educacion.navarra.es<\/p>\n\n\n\n<p>\u00a1Os esperamos!<\/p>\n","protected":false},"excerpt":{"rendered":"<p>Kaixo, familiak: El proceso de&nbsp;preinscripci\u00f3n para el curso 2026-2027&nbsp;(ver link) ya est\u00e1 en marcha. \u00bfCu\u00e1ndo y c\u00f3mo realizar las inscripciones?&nbsp; Plazo: del 9 al 13 de marzo (de lunes a viernes), de forma&nbsp;telem\u00e1tica&nbsp;o presencial. SOLICITUD TELEM\u00c1TICA La presentaci\u00f3n de solicitudes se realizar\u00e1 preferentemente de forma telem\u00e1tica a trav\u00e9s de: Quienes hagan la prematr\u00edcula de manera [&hellip;]<\/p>\n","protected":false},"author":1,"featured_media":0,"parent":0,"menu_order":0,"comment_status":"closed","ping_status":"closed","template":"","meta":{"_genesis_hide_title":false,"_genesis_hide_breadcrumbs":false,"_genesis_hide_singular_image":false,"_genesis_hide_footer_widgets":false,"_genesis_custom_body_class":"","_genesis_custom_post_class":"","_genesis_layout":"","footnotes":""},"class_list":{"0":"post-1057","1":"page","2":"type-page","3":"status-publish","5":"entry"},"_links":{"self":[{"href":"https:\/\/auzalarip.educacion.navarra.es\/web\/es\/wp-json\/wp\/v2\/pages\/1057","targetHints":{"allow":["GET"]}}],"collection":[{"href":"https:\/\/auzalarip.educacion.navarra.es\/web\/es\/wp-json\/wp\/v2\/pages"}],"about":[{"href":"https:\/\/auzalarip.educacion.navarra.es\/web\/es\/wp-json\/wp\/v2\/types\/page"}],"author":[{"embeddable":true,"href":"https:\/\/auzalarip.educacion.navarra.es\/web\/es\/wp-json\/wp\/v2\/users\/1"}],"replies":[{"embeddable":true,"href":"https:\/\/auzalarip.educacion.navarra.es\/web\/es\/wp-json\/wp\/v2\/comments?post=1057"}],"version-history":[{"count":45,"href":"https:\/\/auzalarip.educacion.navarra.es\/web\/es\/wp-json\/wp\/v2\/pages\/1057\/revisions"}],"predecessor-version":[{"id":7848,"href":"https:\/\/auzalarip.educacion.navarra.es\/web\/es\/wp-json\/wp\/v2\/pages\/1057\/revisions\/7848"}],"wp:attachment":[{"href":"https:\/\/auzalarip.educacion.navarra.es\/web\/es\/wp-json\/wp\/v2\/media?parent=1057"}],"curies":[{"name":"wp","href":"https:\/\/api.w.org\/{rel}","templated":true}]}}